{"id":868,"date":"2024-07-11T22:29:37","date_gmt":"2024-07-11T20:29:37","guid":{"rendered":"https:\/\/viptexcargo.hu\/unsere-dienstleistungen\/"},"modified":"2025-10-27T10:55:21","modified_gmt":"2025-10-27T09:55:21","slug":"unsere-dienstleistungen","status":"publish","type":"page","link":"https:\/\/viptexcargo.hu\/de\/unsere-dienstleistungen\/","title":{"rendered":"Unsere dienstleistungen"},"content":{"rendered":"\t\t<div data-elementor-type=\"wp-page\" data-elementor-id=\"868\" class=\"elementor elementor-868 elementor-60\" data-elementor-post-type=\"page\">\n\t\t\t\t<section class=\"elementor-element elementor-element-c280233 e-flex e-con-boxed e-con e-parent\" data-id=\"c280233\" data-element_type=\"container\" data-e-type=\"container\">\n\t\t\t\t\t<div class=\"e-con-inner\">\n\t\t\t\t<div class=\"elementor-element elementor-element-102a680a elementor-widget elementor-widget-heading\" data-id=\"102a680a\" data-element_type=\"widget\" data-e-type=\"widget\" data-widget_type=\"heading.default\">\n\t\t\t\t<div class=\"elementor-widget-container\">\n\t\t\t\t\t<h2 class=\"elementor-heading-title elementor-size-default\">UNSERE DIENSTLEISTUNGEN<\/h2>\t\t\t\t<\/div>\n\t\t\t\t<\/div>\n\t\t<div class=\"elementor-element elementor-element-2af87842 e-con-full e-flex e-con e-child\" data-id=\"2af87842\" data-element_type=\"container\" data-e-type=\"container\">\n\t\t<div class=\"elementor-element elementor-element-6da02658 e-con-full e-flex e-con e-child\" data-id=\"6da02658\" data-element_type=\"container\" data-e-type=\"container\">\n\t\t\t\t<div class=\"elementor-element elementor-element-6c14573f elementor-widget elementor-widget-image\" data-id=\"6c14573f\" data-element_type=\"widget\" data-e-type=\"widget\" data-widget_type=\"image.default\">\n\t\t\t\t<div class=\"elementor-widget-container\">\n\t\t\t\t\t\t\t\t\t\t\t\t\t\t\t<img fetchpriority=\"high\" decoding=\"async\" width=\"525\" height=\"347\" src=\"https:\/\/viptexcargo.hu\/wp-content\/uploads\/2024\/07\/kamionok.jpg\" class=\"attachment-large size-large wp-image-843\" alt=\"\" srcset=\"https:\/\/viptexcargo.hu\/wp-content\/uploads\/2024\/07\/kamionok.jpg 525w, https:\/\/viptexcargo.hu\/wp-content\/uploads\/2024\/07\/kamionok-300x198.jpg 300w\" sizes=\"(max-width: 525px) 100vw, 525px\" \/>\t\t\t\t\t\t\t\t\t\t\t\t\t\t\t<\/div>\n\t\t\t\t<\/div>\n\t\t\t\t<\/div>\n\t\t<div class=\"elementor-element elementor-element-3e5f86d6 e-con-full e-flex e-con e-child\" data-id=\"3e5f86d6\" data-element_type=\"container\" data-e-type=\"container\">\n\t\t\t\t<div class=\"elementor-element elementor-element-1dcdd538 elementor-widget elementor-widget-heading\" data-id=\"1dcdd538\" data-element_type=\"widget\" data-e-type=\"widget\" data-widget_type=\"heading.default\">\n\t\t\t\t<div class=\"elementor-widget-container\">\n\t\t\t\t\t<h2 class=\"elementor-heading-title elementor-size-default\">INTERNATIONALE UND NATIONALE TRANSPORTE SOWIE SPEDITION<\/h2>\t\t\t\t<\/div>\n\t\t\t\t<\/div>\n\t\t\t\t<div class=\"elementor-element elementor-element-40f7c079 elementor-widget elementor-widget-text-editor\" data-id=\"40f7c079\" data-element_type=\"widget\" data-e-type=\"widget\" data-widget_type=\"text-editor.default\">\n\t\t\t\t<div class=\"elementor-widget-container\">\n\t\t\t\t\t\t\t\t\t<p>Wir schaffen den Transport von Komplett- und Teilladungen mit F\u00f6rderb\u00e4ndern und Planenfahrzeugen, von und nach allen L\u00e4ndern des EWR, sowie innerhalb Ungarn. F\u00fcr Auftr\u00e4ge, die \u00fcber die Kapazit\u00e4t unserer Flotte hinausgehen, bieten wir L\u00f6sungen mit Hilfe unserer zuverl\u00e4ssigen Subunternehmer an.<\/p>\t\t\t\t\t\t\t\t<\/div>\n\t\t\t\t<\/div>\n\t\t\t\t<\/div>\n\t\t\t\t<\/div>\n\t\t<div class=\"elementor-element elementor-element-7d50d6cf e-con-full e-flex e-con e-child\" data-id=\"7d50d6cf\" data-element_type=\"container\" data-e-type=\"container\">\n\t\t<div class=\"elementor-element elementor-element-688ddd95 e-con-full e-flex e-con e-child\" data-id=\"688ddd95\" data-element_type=\"container\" data-e-type=\"container\">\n\t\t\t\t<div class=\"elementor-element elementor-element-657d3fdd elementor-widget elementor-widget-heading\" data-id=\"657d3fdd\" data-element_type=\"widget\" data-e-type=\"widget\" data-widget_type=\"heading.default\">\n\t\t\t\t<div class=\"elementor-widget-container\">\n\t\t\t\t\t<h2 class=\"elementor-heading-title elementor-size-default\">SEEFREIGHT<\/h2>\t\t\t\t<\/div>\n\t\t\t\t<\/div>\n\t\t\t\t<div class=\"elementor-element elementor-element-52d64d8b elementor-widget elementor-widget-text-editor\" data-id=\"52d64d8b\" data-element_type=\"widget\" data-e-type=\"widget\" data-widget_type=\"text-editor.default\">\n\t\t\t\t<div class=\"elementor-widget-container\">\n\t\t\t\t\t\t\t\t\t<p>Unser weitreichendes Partnernetzwerk erm\u00f6glicht es uns, die Waren unserer Auftraggeber in fast jedes Land der Welt zu liefern. Auf Wunsch \u00fcbernehmen wir die vollst\u00e4ndige Verwaltung, die allen Anforderungen entspricht. Wir informieren uns kontinuierlich \u00fcber die aktuelle Marktlage, Fahrpl\u00e4ne und Transitzeiten, um unseren Auftraggebern in allen Relationen die g\u00fcnstigsten Preise anbieten zu k\u00f6nnen.<\/p>\t\t\t\t\t\t\t\t<\/div>\n\t\t\t\t<\/div>\n\t\t\t\t<\/div>\n\t\t<div class=\"elementor-element elementor-element-579e508c e-con-full e-flex e-con e-child\" data-id=\"579e508c\" data-element_type=\"container\" data-e-type=\"container\">\n\t\t\t\t<div class=\"elementor-element elementor-element-2f387e9e elementor-widget elementor-widget-image\" data-id=\"2f387e9e\" data-element_type=\"widget\" data-e-type=\"widget\" data-widget_type=\"image.default\">\n\t\t\t\t<div class=\"elementor-widget-container\">\n\t\t\t\t\t\t\t\t\t\t\t\t\t\t\t<img decoding=\"async\" width=\"525\" height=\"347\" src=\"https:\/\/viptexcargo.hu\/wp-content\/uploads\/2024\/07\/tengeri-szallitmanyozas.jpg\" class=\"attachment-large size-large wp-image-848\" alt=\"\" srcset=\"https:\/\/viptexcargo.hu\/wp-content\/uploads\/2024\/07\/tengeri-szallitmanyozas.jpg 525w, https:\/\/viptexcargo.hu\/wp-content\/uploads\/2024\/07\/tengeri-szallitmanyozas-300x198.jpg 300w\" sizes=\"(max-width: 525px) 100vw, 525px\" \/>\t\t\t\t\t\t\t\t\t\t\t\t\t\t\t<\/div>\n\t\t\t\t<\/div>\n\t\t\t\t<\/div>\n\t\t\t\t<\/div>\n\t\t\t\t\t<\/div>\n\t\t\t\t<\/section>\n\t\t\t\t<\/div>\n\t\t","protected":false},"excerpt":{"rendered":"<p>UNSERE DIENSTLEISTUNGEN INTERNATIONALE UND NATIONALE TRANSPORTE SOWIE SPEDITION Wir schaffen den Transport von Komplett- und Teilladungen mit F\u00f6rderb\u00e4ndern und Planenfahrzeugen, von und nach allen L\u00e4ndern des EWR, sowie innerhalb Ungarn. F\u00fcr Auftr\u00e4ge, die \u00fcber die Kapazit\u00e4t unserer Flotte hinausgehen, bieten wir L\u00f6sungen mit Hilfe unserer zuverl\u00e4ssigen Subunternehmer an. SEEFREIGHT Unser weitreichendes Partnernetzwerk erm\u00f6glicht es uns, [&hellip;]<\/p>\n","protected":false},"author":1,"featured_media":0,"parent":0,"menu_order":0,"comment_status":"closed","ping_status":"closed","template":"","meta":{"footnotes":""},"class_list":["post-868","page","type-page","status-publish","hentry"],"_links":{"self":[{"href":"https:\/\/viptexcargo.hu\/de\/wp-json\/wp\/v2\/pages\/868","targetHints":{"allow":["GET"]}}],"collection":[{"href":"https:\/\/viptexcargo.hu\/de\/wp-json\/wp\/v2\/pages"}],"about":[{"href":"https:\/\/viptexcargo.hu\/de\/wp-json\/wp\/v2\/types\/page"}],"author":[{"embeddable":true,"href":"https:\/\/viptexcargo.hu\/de\/wp-json\/wp\/v2\/users\/1"}],"replies":[{"embeddable":true,"href":"https:\/\/viptexcargo.hu\/de\/wp-json\/wp\/v2\/comments?post=868"}],"version-history":[{"count":1,"href":"https:\/\/viptexcargo.hu\/de\/wp-json\/wp\/v2\/pages\/868\/revisions"}],"predecessor-version":[{"id":869,"href":"https:\/\/viptexcargo.hu\/de\/wp-json\/wp\/v2\/pages\/868\/revisions\/869"}],"wp:attachment":[{"href":"https:\/\/viptexcargo.hu\/de\/wp-json\/wp\/v2\/media?parent=868"}],"curies":[{"name":"wp","href":"https:\/\/api.w.org\/{rel}","templated":true}]}}