{"id":872,"date":"2024-07-11T22:29:58","date_gmt":"2024-07-11T20:29:58","guid":{"rendered":"https:\/\/viptexcargo.hu\/fahrzeugpark\/"},"modified":"2025-10-27T10:57:37","modified_gmt":"2025-10-27T09:57:37","slug":"fahrzeugpark","status":"publish","type":"page","link":"https:\/\/viptexcargo.hu\/de\/fahrzeugpark\/","title":{"rendered":"Fahrzeugpark"},"content":{"rendered":"\t\t<div data-elementor-type=\"wp-page\" data-elementor-id=\"872\" class=\"elementor elementor-872 elementor-62\" data-elementor-post-type=\"page\">\n\t\t\t\t<section class=\"elementor-element elementor-element-6d2c48b9 e-con-full e-flex e-con e-parent\" data-id=\"6d2c48b9\" data-element_type=\"container\" data-e-type=\"container\" data-settings=\"{&quot;background_background&quot;:&quot;classic&quot;}\">\n\t\t<div class=\"elementor-element elementor-element-601e1452 e-flex e-con-boxed e-con e-child\" data-id=\"601e1452\" data-element_type=\"container\" data-e-type=\"container\">\n\t\t\t\t\t<div class=\"e-con-inner\">\n\t\t\t\t<div class=\"elementor-element elementor-element-1a7c39b0 elementor-widget elementor-widget-heading\" data-id=\"1a7c39b0\" data-element_type=\"widget\" data-e-type=\"widget\" data-widget_type=\"heading.default\">\n\t\t\t\t<div class=\"elementor-widget-container\">\n\t\t\t\t\t<h2 class=\"elementor-heading-title elementor-size-default\">FAHRZEUGPARK<\/h2>\t\t\t\t<\/div>\n\t\t\t\t<\/div>\n\t\t\t\t<div class=\"elementor-element elementor-element-471a2c29 elementor-widget elementor-widget-text-editor\" data-id=\"471a2c29\" data-element_type=\"widget\" data-e-type=\"widget\" data-widget_type=\"text-editor.default\">\n\t\t\t\t<div class=\"elementor-widget-container\">\n\t\t\t\t\t\t\t\t\t<p>WIR TRANSPORTIEREN HAUPTS\u00c4CHLICH SECOND-HAND-KLEIDUNG UND ANDERE WIEDERVERWERTBARE ABF\u00c4LLE (PAPIER, METALL, KUNSTSTOFF, ANDERE MATERIALIEN). DAHER HABEN WIR DIE ZUSAMMENSETZUNG UND AUSSTATTUNG UNSERES FAHRZEUGPARKS UNTER BER\u00dcCKSICHTIGUNG DER DIESBEZ\u00dcGLICHEN ANFORDERUNGEN UNSERER AUFTRAGGEBER ZUSAMMENGESTELLT.<\/p>\t\t\t\t\t\t\t\t<\/div>\n\t\t\t\t<\/div>\n\t\t<div class=\"elementor-element elementor-element-311e3736 e-con-full e-flex e-con e-child\" data-id=\"311e3736\" data-element_type=\"container\" data-e-type=\"container\">\n\t\t<div class=\"elementor-element elementor-element-19906111 e-con-full e-flex e-con e-child\" data-id=\"19906111\" data-element_type=\"container\" data-e-type=\"container\" data-settings=\"{&quot;background_background&quot;:&quot;classic&quot;}\">\n\t\t\t\t<\/div>\n\t\t<div class=\"elementor-element elementor-element-98277e3 e-con-full e-flex e-con e-child\" data-id=\"98277e3\" data-element_type=\"container\" data-e-type=\"container\">\n\t\t\t\t<div class=\"elementor-element elementor-element-56d60243 elementor-widget elementor-widget-text-editor\" data-id=\"56d60243\" data-element_type=\"widget\" data-e-type=\"widget\" data-widget_type=\"text-editor.default\">\n\t\t\t\t<div class=\"elementor-widget-container\">\n\t\t\t\t\t\t\t\t\t<p>Unsere Flotte, die aus F\u00f6rderband- und Planenfahrzeugen besteht, wird mit Hilfe erfahrener, zuverl\u00e4ssiger Subunternehmer unterst\u00fctz, falls der Auftrag \u00fcber die Kapazit\u00e4t unserer Flotte hinausgeht.<\/p><p>Wir verf\u00fcgen \u00fcber eine Genehmigung f\u00fcr Abfalltransporte. Da uns der Umweltschutz von gro\u00dfer Bedeutung ist, bem\u00fchen wir uns, das Durchschnittsalter und die Emissionen unserer Flotte auf dem m\u00f6glichst niedrigen Niveau zu halten.<\/p><p>Die Fahrzeuge in unserer Flotte werden in der Regel im Rahmen von Leasing- oder Mietvertr\u00e4gen f\u00fcr 3 Jahre genutzt.<\/p><p>Wir verwenden Zugmaschinen der Euro-6-Kategorie. Keine umweltfreundlichere Kategorie gibt es derzeitig auf dem Markt.<\/p>\t\t\t\t\t\t\t\t<\/div>\n\t\t\t\t<\/div>\n\t\t\t\t<\/div>\n\t\t\t\t<\/div>\n\t\t\t\t\t<\/div>\n\t\t\t\t<\/div>\n\t\t\t\t<\/section>\n\t\t\t\t<\/div>\n\t\t","protected":false},"excerpt":{"rendered":"<p>FAHRZEUGPARK WIR TRANSPORTIEREN HAUPTS\u00c4CHLICH SECOND-HAND-KLEIDUNG UND ANDERE WIEDERVERWERTBARE ABF\u00c4LLE (PAPIER, METALL, KUNSTSTOFF, ANDERE MATERIALIEN). DAHER HABEN WIR DIE ZUSAMMENSETZUNG UND AUSSTATTUNG UNSERES FAHRZEUGPARKS UNTER BER\u00dcCKSICHTIGUNG DER DIESBEZ\u00dcGLICHEN ANFORDERUNGEN UNSERER AUFTRAGGEBER ZUSAMMENGESTELLT. Unsere Flotte, die aus F\u00f6rderband- und Planenfahrzeugen besteht, wird mit Hilfe erfahrener, zuverl\u00e4ssiger Subunternehmer unterst\u00fctz, falls der Auftrag \u00fcber die Kapazit\u00e4t unserer Flotte hinausgeht. [&hellip;]<\/p>\n","protected":false},"author":1,"featured_media":0,"parent":0,"menu_order":0,"comment_status":"closed","ping_status":"closed","template":"","meta":{"footnotes":""},"class_list":["post-872","page","type-page","status-publish","hentry"],"_links":{"self":[{"href":"https:\/\/viptexcargo.hu\/de\/wp-json\/wp\/v2\/pages\/872","targetHints":{"allow":["GET"]}}],"collection":[{"href":"https:\/\/viptexcargo.hu\/de\/wp-json\/wp\/v2\/pages"}],"about":[{"href":"https:\/\/viptexcargo.hu\/de\/wp-json\/wp\/v2\/types\/page"}],"author":[{"embeddable":true,"href":"https:\/\/viptexcargo.hu\/de\/wp-json\/wp\/v2\/users\/1"}],"replies":[{"embeddable":true,"href":"https:\/\/viptexcargo.hu\/de\/wp-json\/wp\/v2\/comments?post=872"}],"version-history":[{"count":1,"href":"https:\/\/viptexcargo.hu\/de\/wp-json\/wp\/v2\/pages\/872\/revisions"}],"predecessor-version":[{"id":873,"href":"https:\/\/viptexcargo.hu\/de\/wp-json\/wp\/v2\/pages\/872\/revisions\/873"}],"wp:attachment":[{"href":"https:\/\/viptexcargo.hu\/de\/wp-json\/wp\/v2\/media?parent=872"}],"curies":[{"name":"wp","href":"https:\/\/api.w.org\/{rel}","templated":true}]}}